{"id":7465,"date":"2026-02-02T10:21:26","date_gmt":"2026-02-02T10:21:26","guid":{"rendered":"https:\/\/tytknyt.dk\/?post_type=product&#038;p=7465"},"modified":"2026-02-02T12:29:34","modified_gmt":"2026-02-02T12:29:34","slug":"halsbaand-8","status":"publish","type":"product","link":"https:\/\/tytknyt.dk\/?product=halsbaand-8","title":{"rendered":"Halsb\u00e5nd"},"content":{"rendered":"<p>Halsb\u00e5nd flettet i type 1 paracord med martingale lukning.<\/p>\n<p>4 cm bredt.<\/p>\n<p>Stramt m\u00e5l til max m\u00e5l: 34 cm &#8211; 43 cm.<\/p>\n","protected":false},"excerpt":{"rendered":"<p>Halsb\u00e5nd flettet i type 1 paracord med martingale lukning. 4 cm bredt. Stramt m\u00e5l til max m\u00e5l: 34 cm &#8211; 43 cm.<\/p>\n","protected":false},"featured_media":7411,"template":"","meta":[],"product_brand":[54],"product_cat":[52],"product_tag":[],"class_list":{"0":"post-7465","1":"product","2":"type-product","3":"status-publish","4":"has-post-thumbnail","6":"product_brand-tyt-knyt","7":"product_cat-hundehalsbaand","9":"first","10":"instock","11":"sale","12":"sold-individually","13":"shipping-taxable","14":"purchasable","15":"product-type-simple"},"_links":{"self":[{"href":"https:\/\/tytknyt.dk\/index.php?rest_route=\/wp\/v2\/product\/7465","targetHints":{"allow":["GET"]}}],"collection":[{"href":"https:\/\/tytknyt.dk\/index.php?rest_route=\/wp\/v2\/product"}],"about":[{"href":"https:\/\/tytknyt.dk\/index.php?rest_route=\/wp\/v2\/types\/product"}],"wp:featuredmedia":[{"embeddable":true,"href":"https:\/\/tytknyt.dk\/index.php?rest_route=\/wp\/v2\/media\/7411"}],"wp:attachment":[{"href":"https:\/\/tytknyt.dk\/index.php?rest_route=%2Fwp%2Fv2%2Fmedia&parent=7465"}],"wp:term":[{"taxonomy":"product_brand","embeddable":true,"href":"https:\/\/tytknyt.dk\/index.php?rest_route=%2Fwp%2Fv2%2Fproduct_brand&post=7465"},{"taxonomy":"product_cat","embeddable":true,"href":"https:\/\/tytknyt.dk\/index.php?rest_route=%2Fwp%2Fv2%2Fproduct_cat&post=7465"},{"taxonomy":"product_tag","embeddable":true,"href":"https:\/\/tytknyt.dk\/index.php?rest_route=%2Fwp%2Fv2%2Fproduct_tag&post=7465"}],"curies":[{"name":"wp","href":"https:\/\/api.w.org\/{rel}","templated":true}]}}